{"id":37,"date":"2022-10-26T14:50:54","date_gmt":"2022-10-26T14:50:54","guid":{"rendered":"https:\/\/feuerecker.org\/?page_id=37"},"modified":"2022-10-26T14:51:44","modified_gmt":"2022-10-26T14:51:44","slug":"impressum","status":"publish","type":"page","link":"https:\/\/feuerecker.org\/?page_id=37","title":{"rendered":"Impressum"},"content":{"rendered":"\n<div class=\"wp-block-columns is-layout-flex wp-container-core-columns-is-layout-9d6595d7 wp-block-columns-is-layout-flex\">\n<div class=\"wp-block-column is-layout-flow wp-block-column-is-layout-flow\">\n<p><strong>Feuerecker GbR<\/strong><br><strong>Versicherungs- und Finanzmakler<\/strong><\/p>\n\n\n\n<p>Gesellschafter:<br><strong>Andreas Feuerecker<\/strong><br>IHK-Registrierungsnr.:<br>\u00a734d GewO: D-TCGI-BEX3X-18<br>\u00a734f Abs. 1 S.1 GewO: D-F-155-DTHR-60<\/p>\n\n\n\n<p><strong>Josef Feuerecker<\/strong><br>IHK-Registrierungsnr.:<br>\u00a734d GewO: D-HPQV-FURKQ-58<\/p>\n\n\n\n<p>Wallerdorfer Stra\u00dfe 4<br>94486 Osterhofen<br>B\u00fcro 09932 71 59 11 0<br>Fax 09932 71 59 11 5<br><a href=\"mailto:info@feuerecker.org\">info@feuerecker.org<\/a><br><a href=\"http:\/\/www.feuerecker.org\" target=\"_blank\" rel=\"noreferrer noopener\">www.feuerecker.org<\/a><\/p>\n<\/div>\n\n\n\n<div class=\"wp-block-column is-layout-flow wp-block-column-is-layout-flow\">\n<figure class=\"wp-block-image size-full\"><img loading=\"lazy\" decoding=\"async\" width=\"842\" height=\"595\" src=\"https:\/\/feuerecker.org\/wp-content\/uploads\/2022\/10\/Logo.png\" alt=\"\" class=\"wp-image-31\" srcset=\"https:\/\/feuerecker.org\/wp-content\/uploads\/2022\/10\/Logo.png 842w, https:\/\/feuerecker.org\/wp-content\/uploads\/2022\/10\/Logo-300x212.png 300w, https:\/\/feuerecker.org\/wp-content\/uploads\/2022\/10\/Logo-768x543.png 768w\" sizes=\"auto, (max-width: 842px) 100vw, 842px\" \/><\/figure>\n<\/div>\n<\/div>\n\n\n\n<p>Registerstelle:<br>IHK f\u00fcr M\u00fcnchen und Oberbayern<br>Max-Joseph-Stra\u00dfe 2<br>\u200e80333 M\u00fcnchen<br>www.ihk-muenchen.de<\/p>\n\n\n\n<p>Zust\u00e4ndige Berufskammer:<br>Industrie- und Handelskammer Niederbayern<\/p>\n\n\n\n<p>Nibelungenstra\u00dfe 15<br>94032 Passau<\/p>\n\n\n\n<p>www.ihk-niederbayern.de<\/p>\n\n\n\n<p>Zur Versicherung: Eine gesetzlich geforderte Verm\u00f6gensschadens-Haftpflichtversicherung<br>mit vorgeschriebener Versicherungssumme besteht bei der Liberty Insurance Europe Limited in K\u00f6ln.<\/p>\n\n\n\n<p>Beschwerde-Stellen:<br>Versicherungsombudsmann e.V.<br>Postfach 08 06 32 &#8211; 10006 Berlin<\/p>\n\n\n\n<p>Ombudsmann Private Kranken- und Pflegeversicherung<br>Postfach 06 02 22, 10052 Berlin<\/p>\n\n\n\n<p><\/p>\n","protected":false},"excerpt":{"rendered":"<p>Feuerecker GbRVersicherungs- und Finanzmakler Gesellschafter:Andreas FeuereckerIHK-Registrierungsnr.:\u00a734d GewO: D-TCGI-BEX3X-18\u00a734f Abs. 1 S.1 GewO: D-F-155-DTHR-60 Josef FeuereckerIHK-Registrierungsnr.:\u00a734d GewO: D-HPQV-FURKQ-58 Wallerdorfer Stra\u00dfe 494486 OsterhofenB\u00fcro 09932 71 59 11 0Fax 09932 71 59 11 [&hellip;]<\/p>\n","protected":false},"author":1,"featured_media":0,"parent":0,"menu_order":0,"comment_status":"closed","ping_status":"closed","template":"","meta":{"footnotes":""},"class_list":["post-37","page","type-page","status-publish","czr-hentry"],"_links":{"self":[{"href":"https:\/\/feuerecker.org\/index.php?rest_route=\/wp\/v2\/pages\/37","targetHints":{"allow":["GET"]}}],"collection":[{"href":"https:\/\/feuerecker.org\/index.php?rest_route=\/wp\/v2\/pages"}],"about":[{"href":"https:\/\/feuerecker.org\/index.php?rest_route=\/wp\/v2\/types\/page"}],"author":[{"embeddable":true,"href":"https:\/\/feuerecker.org\/index.php?rest_route=\/wp\/v2\/users\/1"}],"replies":[{"embeddable":true,"href":"https:\/\/feuerecker.org\/index.php?rest_route=%2Fwp%2Fv2%2Fcomments&post=37"}],"version-history":[{"count":2,"href":"https:\/\/feuerecker.org\/index.php?rest_route=\/wp\/v2\/pages\/37\/revisions"}],"predecessor-version":[{"id":39,"href":"https:\/\/feuerecker.org\/index.php?rest_route=\/wp\/v2\/pages\/37\/revisions\/39"}],"wp:attachment":[{"href":"https:\/\/feuerecker.org\/index.php?rest_route=%2Fwp%2Fv2%2Fmedia&parent=37"}],"curies":[{"name":"wp","href":"https:\/\/api.w.org\/{rel}","templated":true}]}}