{"id":35,"date":"2022-10-26T14:48:44","date_gmt":"2022-10-26T14:48:44","guid":{"rendered":"https:\/\/feuerecker.org\/?page_id=35"},"modified":"2022-10-26T14:48:45","modified_gmt":"2022-10-26T14:48:45","slug":"erstinformation","status":"publish","type":"page","link":"https:\/\/feuerecker.org\/?page_id=35","title":{"rendered":"Erstinformation"},"content":{"rendered":"\n<p>Kundeninformation zur Erf\u00fcllung der gesetzlichen Informationspflicht<br>gem\u00e4\u00df \u00a7 11 VersVermV<\/p>\n\n\n\n<p><strong>1. Name, Anschrift und Kontaktdaten:<br><\/strong>Feuerecker GbR<br>Versicherungen\/Finanzen<br>Wallerdorfer Str. 4, 94486 OsterhGesellschafter:<br>Josef Feuerecker und Andreas Feuerecker<\/p>\n\n\n\n<p><strong>2. T\u00e4tigkeitsart:<br><\/strong>Versicherungsmakler mit Erlaubnis nach \u00a7 34d Abs. 1 GewO und \u00a7 34f Abs. 1 S1 GewO<\/p>\n\n\n\n<p><strong>3. Gemeinsame Registerstelle nach \u00a7 11 a Abs. 1 GewO:<\/strong><\/p>\n\n\n\n<p><strong>Andreas Feuerecker:<br><\/strong>\u00a7 34d Abs.1 GewO: D-TCGI-BEX3X-18<br>\u00a7 34f Abs.1 S.1 GewO: D-F-155-DTHR-60<\/p>\n\n\n\n<p><strong>Josef Feuerecker:<br><\/strong>\u00a7 34d Abs.1 GewO: D-HPQV-FURKQ-58<\/p>\n\n\n\n<p>Deutscher Industrie- und Handelskammertag (DIHK) e.V.<br>Breite Stra\u00dfe 29<br>10178 Berlin<\/p>\n\n\n\n<p>Telefon: 0180 600 58 50 (Festnetzpreis 0,20 Euro\/Anruf; Mobilfunkpreise maximal 0,60 Euro\/Anruf) <a href=\"http:\/\/www.vermittlerregister.info\">www.vermittlerregister.info<\/a><\/p>\n\n\n\n<p><strong>4. Erlaubnisbeh\u00f6rde:<br><\/strong>Industrie- und Handelskammer f\u00fcr M\u00fcnchen und Oberbayern, Balanstra\u00dfe 55 &#8211; 59, 81541 M\u00fcnchen, www.muenchen.ihk.de<\/p>\n\n\n\n<p><strong>5. Offenlegung direkter oder indirekter Beteiligungen \u00fcber 10% an Versicherungsunternehmen oder von Versicherungsunternehmen am Kapital des Versicherungsvermittlers \u00fcber 10%:<br><\/strong>Die Feuerecker GbR h\u00e4lt keine unmittelbare oder mittelbare Beteiligung von mehr als 10% der Stimmrechte oder des Kapitals an einem Versicherungsunternehmen. Ein Versicherungsunternehmen h\u00e4lt keine mittelbare oder unmittelbare Beteiligung von mehr als 10% der Stimmrechte oder des Kapitals an der Feuerecker GbR<\/p>\n\n\n\n<p><strong>6. Anschriften der Schlichtungsstellen:<\/strong><\/p>\n\n\n\n<ul class=\"wp-block-list\"><li>Versicherungsombudsmann e.V.<br>Postfach 08 06 32, 10006 Berlin<br>Tel.: 0800 3696000 (kostenfrei aus deutschen Telefonnetzen)<br>Fax: 0800 3699000 (kostenfrei aus deutschen Telefonnetzen)<br>Internet: <a href=\"http:\/\/www.versicherungsombudsmann.de\">www.versicherungsombudsmann.de<\/a><\/li><li>Ombudsmann f\u00fcr die Private Kranken- und Pflegeversicherung<br>Postfach 06 02 22, 10052 Berlin<br>Tel.: 0800 2550444 (kostenfrei aus deutschen Telefonnetzen)<br>Fax: 030 20458931<br>Internet: <a href=\"http:\/\/www.pkv-ombudsmann.de\">www.pkv-ombudsmann.de<\/a><\/li><li>Verband der privaten Bausparkassen e. V.<br>Schlichtungsstelle Bausparen<br>Postfach 30 30 79<br>10730 Berlin<br>Telefon: 030 590091500<br>Fax: 030 590091501<br>Internet: https:\/\/www.schlichtungsstelle-bausparen.de<\/li><\/ul>\n","protected":false},"excerpt":{"rendered":"<p>Kundeninformation zur Erf\u00fcllung der gesetzlichen Informationspflichtgem\u00e4\u00df \u00a7 11 VersVermV 1. Name, Anschrift und Kontaktdaten:Feuerecker GbRVersicherungen\/FinanzenWallerdorfer Str. 4, 94486 OsterhGesellschafter:Josef Feuerecker und Andreas Feuerecker 2. T\u00e4tigkeitsart:Versicherungsmakler mit Erlaubnis nach \u00a7 34d [&hellip;]<\/p>\n","protected":false},"author":1,"featured_media":0,"parent":0,"menu_order":0,"comment_status":"closed","ping_status":"closed","template":"","meta":{"footnotes":""},"class_list":["post-35","page","type-page","status-publish","czr-hentry"],"_links":{"self":[{"href":"https:\/\/feuerecker.org\/index.php?rest_route=\/wp\/v2\/pages\/35","targetHints":{"allow":["GET"]}}],"collection":[{"href":"https:\/\/feuerecker.org\/index.php?rest_route=\/wp\/v2\/pages"}],"about":[{"href":"https:\/\/feuerecker.org\/index.php?rest_route=\/wp\/v2\/types\/page"}],"author":[{"embeddable":true,"href":"https:\/\/feuerecker.org\/index.php?rest_route=\/wp\/v2\/users\/1"}],"replies":[{"embeddable":true,"href":"https:\/\/feuerecker.org\/index.php?rest_route=%2Fwp%2Fv2%2Fcomments&post=35"}],"version-history":[{"count":1,"href":"https:\/\/feuerecker.org\/index.php?rest_route=\/wp\/v2\/pages\/35\/revisions"}],"predecessor-version":[{"id":36,"href":"https:\/\/feuerecker.org\/index.php?rest_route=\/wp\/v2\/pages\/35\/revisions\/36"}],"wp:attachment":[{"href":"https:\/\/feuerecker.org\/index.php?rest_route=%2Fwp%2Fv2%2Fmedia&parent=35"}],"curies":[{"name":"wp","href":"https:\/\/api.w.org\/{rel}","templated":true}]}}