{"id":24,"date":"2022-10-26T14:41:42","date_gmt":"2022-10-26T14:41:42","guid":{"rendered":"https:\/\/feuerecker.org\/?page_id=24"},"modified":"2022-10-26T16:08:43","modified_gmt":"2022-10-26T16:08:43","slug":"ueber-uns","status":"publish","type":"page","link":"https:\/\/feuerecker.org\/?page_id=24","title":{"rendered":"\u00dcber uns"},"content":{"rendered":"\n<p>Durch unsere T\u00e4tigkeit als Versicherungsmakler sind wir nicht an eine Versicherungsgesellschaft oder ein Finanzunternehmen gebunden und somit auch nicht an Verkaufsvorgaben. Die Auswahl unserer Produktempfehlungen erfolgt somit nicht nach Vorgaben der Versicherung, wie bei einem angestellten Versicherungsvertreter, sondern einzig und allein nach Ihren W\u00fcnschen und Bed\u00fcrfnissen.<\/p>\n\n\n\n<p>Dabei ist das Preis-Leistungsverh\u00e4ltnis entscheidend: Nicht alles um jeden Preis versichern, sondern die Leistungen, die Ihnen wichtig sind.<br>Sie entscheiden, ob Ihr Vertrag leistungs- oder preisoptimiert sein soll.<\/p>\n\n\n\n<p>\u00dcbrigens:<br>Auch bereits bestehende Vertr\u00e4ge k\u00f6nnen von uns kostenlos \u00fcberpr\u00fcft und betreut werden.<br>Dadurch haben Sie nur einen Ansprechpartner und m\u00fcssen nicht zwingend die Versicherungsgesellschaft wechseln.<\/p>\n\n\n\n<div class=\"wp-block-columns is-layout-flex wp-container-core-columns-is-layout-9d6595d7 wp-block-columns-is-layout-flex\">\n<div class=\"wp-block-column is-layout-flow wp-block-column-is-layout-flow\" style=\"flex-basis:25%\">\n<figure class=\"wp-block-image\"><img loading=\"lazy\" decoding=\"async\" width=\"768\" height=\"1024\" src=\"https:\/\/feuerecker.org\/wp-content\/uploads\/2022\/10\/Andreas1-768x1024.jpg\" alt=\"\" class=\"wp-image-25\" srcset=\"https:\/\/feuerecker.org\/wp-content\/uploads\/2022\/10\/Andreas1-768x1024.jpg 768w, https:\/\/feuerecker.org\/wp-content\/uploads\/2022\/10\/Andreas1-225x300.jpg 225w, https:\/\/feuerecker.org\/wp-content\/uploads\/2022\/10\/Andreas1-1152x1536.jpg 1152w, https:\/\/feuerecker.org\/wp-content\/uploads\/2022\/10\/Andreas1-1536x2048.jpg 1536w, https:\/\/feuerecker.org\/wp-content\/uploads\/2022\/10\/Andreas1.jpg 1754w\" sizes=\"auto, (max-width: 768px) 100vw, 768px\" \/><\/figure>\n<\/div>\n\n\n\n<div class=\"wp-block-column is-layout-flow wp-block-column-is-layout-flow\" style=\"flex-basis:25%\">\n<p><strong>Andreas Feuerecker<\/strong><br><br>Versicherungs- und Finanzmakler<br>Sparkassenfachwirt<br>Branchenerfahrung:<br>seit 2001<\/p>\n\n\n\n<p>mobil&nbsp; 0160 90 21 99 95<br>b\u00fcro &nbsp; 09932 715911 2<br><a href=\"mailto:andreas@feuerecker.org\">andreas@feuerecker.org<\/a><\/p>\n<\/div>\n\n\n\n<div class=\"wp-block-column is-layout-flow wp-block-column-is-layout-flow\" style=\"flex-basis:25%\">\n<figure class=\"wp-block-image\"><img loading=\"lazy\" decoding=\"async\" width=\"768\" height=\"1024\" src=\"https:\/\/feuerecker.org\/wp-content\/uploads\/2022\/10\/Josef-768x1024.jpg\" alt=\"\" class=\"wp-image-27\" srcset=\"https:\/\/feuerecker.org\/wp-content\/uploads\/2022\/10\/Josef-768x1024.jpg 768w, https:\/\/feuerecker.org\/wp-content\/uploads\/2022\/10\/Josef-225x300.jpg 225w, https:\/\/feuerecker.org\/wp-content\/uploads\/2022\/10\/Josef-1152x1536.jpg 1152w, https:\/\/feuerecker.org\/wp-content\/uploads\/2022\/10\/Josef-1536x2048.jpg 1536w, https:\/\/feuerecker.org\/wp-content\/uploads\/2022\/10\/Josef.jpg 1754w\" sizes=\"auto, (max-width: 768px) 100vw, 768px\" \/><\/figure>\n<\/div>\n\n\n\n<div class=\"wp-block-column is-layout-flow wp-block-column-is-layout-flow\" style=\"flex-basis:25%\">\n<p><strong>Josef Feuerecker<\/strong><br><br>Versicherungs- und Finanzmakler<br>Versicherungsfachmann (BWV)<br>Branchenerfahrung:<br>seit 1999<\/p>\n\n\n\n<p>mobil&nbsp; 0175 52 78 536<br>b\u00fcro&nbsp;&nbsp; 09932 715911 1<br><a href=\"mailto:josef@feuerecker.org\">josef@feuerecker.org<\/a><\/p>\n<\/div>\n<\/div>\n","protected":false},"excerpt":{"rendered":"<p>Durch unsere T\u00e4tigkeit als Versicherungsmakler sind wir nicht an eine Versicherungsgesellschaft oder ein Finanzunternehmen gebunden und somit auch nicht an Verkaufsvorgaben. Die Auswahl unserer Produktempfehlungen erfolgt somit nicht nach Vorgaben [&hellip;]<\/p>\n","protected":false},"author":1,"featured_media":0,"parent":0,"menu_order":0,"comment_status":"closed","ping_status":"closed","template":"","meta":{"footnotes":""},"class_list":["post-24","page","type-page","status-publish","czr-hentry"],"_links":{"self":[{"href":"https:\/\/feuerecker.org\/index.php?rest_route=\/wp\/v2\/pages\/24","targetHints":{"allow":["GET"]}}],"collection":[{"href":"https:\/\/feuerecker.org\/index.php?rest_route=\/wp\/v2\/pages"}],"about":[{"href":"https:\/\/feuerecker.org\/index.php?rest_route=\/wp\/v2\/types\/page"}],"author":[{"embeddable":true,"href":"https:\/\/feuerecker.org\/index.php?rest_route=\/wp\/v2\/users\/1"}],"replies":[{"embeddable":true,"href":"https:\/\/feuerecker.org\/index.php?rest_route=%2Fwp%2Fv2%2Fcomments&post=24"}],"version-history":[{"count":5,"href":"https:\/\/feuerecker.org\/index.php?rest_route=\/wp\/v2\/pages\/24\/revisions"}],"predecessor-version":[{"id":74,"href":"https:\/\/feuerecker.org\/index.php?rest_route=\/wp\/v2\/pages\/24\/revisions\/74"}],"wp:attachment":[{"href":"https:\/\/feuerecker.org\/index.php?rest_route=%2Fwp%2Fv2%2Fmedia&parent=24"}],"curies":[{"name":"wp","href":"https:\/\/api.w.org\/{rel}","templated":true}]}}