{"id":20,"date":"2022-10-26T12:48:38","date_gmt":"2022-10-26T12:48:38","guid":{"rendered":"https:\/\/feuerecker.org\/?page_id=20"},"modified":"2025-11-24T19:48:00","modified_gmt":"2025-11-24T19:48:00","slug":"leitlinie","status":"publish","type":"page","link":"https:\/\/feuerecker.org\/?page_id=20","title":{"rendered":"Leitlinie"},"content":{"rendered":"\n<p>Gegr\u00fcndet wurde das Unternehmen von den Br\u00fcdern Andreas Feuerecker und Josef Feuerecker als freies Versicherungs- und Finanzmaklerhaus, mit Sitz in Osterhofen.<\/p>\n\n\n\n<p>Wir sind bayernweit t\u00e4tig, unsere regionalen Schwerpunkte sind jedoch die Landkreise Straubing, Deggendorf und Passau. Hier d\u00fcrfen wir eine Vielzahl von Privatpersonen, sowie mittelst\u00e4ndischen Unternehmen zu unseren Mandanten z\u00e4hlen.<\/p>\n\n\n\n<p>Als Versicherungsmakler haben wir eine vollkommen andere Arbeitsweise als der Versicherungsvertreter. Im Gegensatz zum Versicherungsvertreter \u2013 der von einer Versicherungs- gesellschaft beauftragt wird und somit in erster Linie die Interessen der Versicherungsgesellschaft vertritt \u2013 sind wir unabh\u00e4ngig von den Versicherungsgesellschaften und vertreten in erster Linie die Interessen unserer Mandanten (\u00a793 HGB). Sie als Kunde sind unser Auftraggeber.<\/p>\n\n\n\n<p>Die Unabh\u00e4ngigkeit von Vorgaben und Vertriebspl\u00e4nen der Versicherungsgesellschaften und Banken ist f\u00fcr uns das Wichtigste. Nur dadurch kann eine objektive und absolut kundenorientierte Beratung gew\u00e4hrleistet werden.<\/p>\n\n\n\n<p><\/p>\n\n\n\n<p><\/p>\n\n\n\n<p><strong>Unsere wichtigsten Dienstleistungen im \u00dcberblick:<\/strong><\/p>\n\n\n\n<ul class=\"wp-block-list\"><li><strong>Risikoanalyse<\/strong><br>Die Risikoanalyse ist meist der Auftakt der Zusammenarbeit mit uns.<br>Dabei pr\u00fcfen wir unter Ber\u00fccksichtigung aller individuellen Gegebenheiten, gegen welche Gefahren vorgesorgt werden muss und ob eine Versicherung in jedem Fall zweckm\u00e4\u00dfig ist. Hauptziel der Analyse ist es, sicherzustellen, dass nicht zu viel aber  auch nicht zu wenig versichert wird.<br><\/li><li><strong>Wahl des besten Angebotes<\/strong><br>Da wir nicht an bestimmte Versicherer gebunden sind, werden wir die verschiedenen Risiken in aller Regel bei verschiedenen Gesellschaften platzieren \u2013 n\u00e4mlich jeweils dort, wo nach unserer Kenntnis ein g\u00fcnstiges Preis-Leistungs-Verh\u00e4ltnis, eine reibungslose Vertragsabwicklung und Leistungsgew\u00e4hrung sichergestellt sind.<br><\/li><li><strong>Betreuung<\/strong><br>Die Betreuung durch uns entlastet Sie als unseren Kunden weitgehend von zeitraubenden Abwicklungs- und Verwaltungsarbeiten. Unser besonderes Augenmerk gilt der laufenden Anpassung des Versicherungsschutzes an ver\u00e4nderte Risiko- und Marktverh\u00e4ltnisse. Dar\u00fcber hinaus sind wir Ihr Berater in allen Fragen der betrieblichen und privaten Risiken.<br><\/li><li><strong>Schadensregulierung<\/strong><br>Die Schadensregulierung ist eine weitere wichtige Dienstleistung unserer Firma.<br>Wir verhandeln mit den Versicherern, vermitteln Kontakte zu Rechtsanw\u00e4lten und Sachverst\u00e4ndigen und helfen bei der Abwicklung des Schadens.<br><\/li><li><strong>Kompetente Hilfe<\/strong><br>Unser Fachwissen und unsere langj\u00e4hrige Erfahrung sind unser gr\u00f6\u00dftes Kapital und f\u00fcr Sie als unser Mandant die Gew\u00e4hr, dass Ihr Versicherungsschutz stets \u201e up-to-date\u201c ist. Denn Versicherungsbedarf und Marktangebot \u00e4ndern sich st\u00e4ndig. Wir behalten beides f\u00fcr Sie im Auge und reagieren dementsprechend.<\/li><\/ul>\n","protected":false},"excerpt":{"rendered":"<p>Gegr\u00fcndet wurde das Unternehmen von den Br\u00fcdern Andreas Feuerecker und Josef Feuerecker als freies Versicherungs- und Finanzmaklerhaus, mit Sitz in Osterhofen. Wir sind bayernweit t\u00e4tig, unsere regionalen Schwerpunkte sind jedoch [&hellip;]<\/p>\n","protected":false},"author":1,"featured_media":0,"parent":0,"menu_order":0,"comment_status":"closed","ping_status":"closed","template":"","meta":{"footnotes":""},"class_list":["post-20","page","type-page","status-publish","czr-hentry"],"_links":{"self":[{"href":"https:\/\/feuerecker.org\/index.php?rest_route=\/wp\/v2\/pages\/20","targetHints":{"allow":["GET"]}}],"collection":[{"href":"https:\/\/feuerecker.org\/index.php?rest_route=\/wp\/v2\/pages"}],"about":[{"href":"https:\/\/feuerecker.org\/index.php?rest_route=\/wp\/v2\/types\/page"}],"author":[{"embeddable":true,"href":"https:\/\/feuerecker.org\/index.php?rest_route=\/wp\/v2\/users\/1"}],"replies":[{"embeddable":true,"href":"https:\/\/feuerecker.org\/index.php?rest_route=%2Fwp%2Fv2%2Fcomments&post=20"}],"version-history":[{"count":2,"href":"https:\/\/feuerecker.org\/index.php?rest_route=\/wp\/v2\/pages\/20\/revisions"}],"predecessor-version":[{"id":90,"href":"https:\/\/feuerecker.org\/index.php?rest_route=\/wp\/v2\/pages\/20\/revisions\/90"}],"wp:attachment":[{"href":"https:\/\/feuerecker.org\/index.php?rest_route=%2Fwp%2Fv2%2Fmedia&parent=20"}],"curies":[{"name":"wp","href":"https:\/\/api.w.org\/{rel}","templated":true}]}}